{"id":676,"date":"2024-11-14T14:41:53","date_gmt":"2024-11-14T17:41:53","guid":{"rendered":"https:\/\/etn.abarlovento.cl\/?page_id=676"},"modified":"2025-10-20T08:23:03","modified_gmt":"2025-10-20T11:23:03","slug":"valores","status":"publish","type":"page","link":"https:\/\/ethosnaval.cl\/?page_id=676","title":{"rendered":"Valores"},"content":{"rendered":"\t\t<div data-elementor-type=\"wp-page\" data-elementor-id=\"676\" class=\"elementor elementor-676\" data-elementor-post-type=\"page\">\n\t\t\t\t\t\t<section class=\"elementor-section elementor-top-section elementor-element elementor-element-db858f3 elementor-section-boxed elementor-section-height-default elementor-section-height-default\" data-id=\"db858f3\" data-element_type=\"section\">\n\t\t\t\t\t\t<div class=\"elementor-container elementor-column-gap-default\">\n\t\t\t\t\t<div class=\"elementor-column elementor-col-100 elementor-top-column elementor-element elementor-element-4f148bd\" data-id=\"4f148bd\" data-element_type=\"column\">\n\t\t\t<div class=\"elementor-widget-wrap elementor-element-populated\">\n\t\t\t\t\t\t<div class=\"elementor-element elementor-element-7dd659d elementor-headline--style-highlight elementor-widget elementor-widget-animated-headline\" data-id=\"7dd659d\" data-element_type=\"widget\" data-settings=\"{&quot;headline_style&quot;:&quot;highlight&quot;,&quot;marker&quot;:&quot;circle&quot;,&quot;loop&quot;:&quot;yes&quot;,&quot;highlight_animation_duration&quot;:1200,&quot;highlight_iteration_delay&quot;:8000}\" data-widget_type=\"animated-headline.default\">\n\t\t\t\t<div class=\"elementor-widget-container\">\n\t\t\t\t\t<h3 class=\"elementor-headline\">\n\t\t\t\t\t<span class=\"elementor-headline-plain-text elementor-headline-text-wrapper\">VALORES<\/span>\n\t\t\t\t<span class=\"elementor-headline-dynamic-wrapper elementor-headline-text-wrapper\">\n\t\t\t\t<\/span>\n\t\t\t\t<\/h3>\n\t\t\t\t<\/div>\n\t\t\t\t<\/div>\n\t\t\t\t\t<\/div>\n\t\t<\/div>\n\t\t\t\t\t<\/div>\n\t\t<\/section>\n\t\t\t\t<section class=\"elementor-section elementor-top-section elementor-element elementor-element-e86e956 elementor-section-boxed elementor-section-height-default elementor-section-height-default\" data-id=\"e86e956\" data-element_type=\"section\">\n\t\t\t\t\t\t<div class=\"elementor-container elementor-column-gap-default\">\n\t\t\t\t\t<div class=\"elementor-column elementor-col-33 elementor-top-column elementor-element elementor-element-8b2c73d\" data-id=\"8b2c73d\" data-element_type=\"column\">\n\t\t\t<div class=\"elementor-widget-wrap elementor-element-populated\">\n\t\t\t\t\t\t<div class=\"elementor-element elementor-element-daaf072 elementor-widget elementor-widget-image\" data-id=\"daaf072\" data-element_type=\"widget\" data-widget_type=\"image.default\">\n\t\t\t\t<div class=\"elementor-widget-container\">\n\t\t\t\t\t\t\t\t\t\t<figure class=\"wp-caption\">\n\t\t\t\t\t\t\t\t\t\t\t<a href=\"https:\/\/youtu.be\/SVU0Bbodlu8\" target=\"_blank\">\n\t\t\t\t\t\t\t<img fetchpriority=\"high\" decoding=\"async\" width=\"1024\" height=\"576\" src=\"https:\/\/ethosnaval.cl\/wp-content\/uploads\/2024\/11\/sin-titulo-2-1024x576.png\" class=\"attachment-large size-large wp-image-689\" alt=\"\" srcset=\"https:\/\/ethosnaval.cl\/wp-content\/uploads\/2024\/11\/sin-titulo-2-1024x576.png 1024w, https:\/\/ethosnaval.cl\/wp-content\/uploads\/2024\/11\/sin-titulo-2-300x169.png 300w, https:\/\/ethosnaval.cl\/wp-content\/uploads\/2024\/11\/sin-titulo-2-768x432.png 768w, https:\/\/ethosnaval.cl\/wp-content\/uploads\/2024\/11\/sin-titulo-2-1536x864.png 1536w, https:\/\/ethosnaval.cl\/wp-content\/uploads\/2024\/11\/sin-titulo-2.png 1920w\" sizes=\"(max-width: 1024px) 100vw, 1024px\" \/>\t\t\t\t\t\t\t\t<\/a>\n\t\t\t\t\t\t\t\t\t\t\t<figcaption class=\"widget-image-caption wp-caption-text\">PATRIOTISMO<\/figcaption>\n\t\t\t\t\t\t\t\t\t\t<\/figure>\n\t\t\t\t\t\t\t<\/div>\n\t\t\t\t<\/div>\n\t\t\t\t\t<\/div>\n\t\t<\/div>\n\t\t\t\t<div class=\"elementor-column elementor-col-33 elementor-top-column elementor-element elementor-element-799394b\" data-id=\"799394b\" data-element_type=\"column\">\n\t\t\t<div class=\"elementor-widget-wrap elementor-element-populated\">\n\t\t\t\t\t\t<div class=\"elementor-element elementor-element-80fb92f elementor-widget elementor-widget-image\" data-id=\"80fb92f\" data-element_type=\"widget\" data-widget_type=\"image.default\">\n\t\t\t\t<div class=\"elementor-widget-container\">\n\t\t\t\t\t\t\t\t\t\t<figure class=\"wp-caption\">\n\t\t\t\t\t\t\t\t\t\t\t<a href=\"https:\/\/youtu.be\/F7beVvhYM_M\" target=\"_blank\">\n\t\t\t\t\t\t\t<img fetchpriority=\"high\" decoding=\"async\" width=\"1024\" height=\"576\" src=\"https:\/\/ethosnaval.cl\/wp-content\/uploads\/2024\/11\/sin-titulo-2-1024x576.png\" class=\"attachment-large size-large wp-image-689\" alt=\"\" srcset=\"https:\/\/ethosnaval.cl\/wp-content\/uploads\/2024\/11\/sin-titulo-2-1024x576.png 1024w, https:\/\/ethosnaval.cl\/wp-content\/uploads\/2024\/11\/sin-titulo-2-300x169.png 300w, https:\/\/ethosnaval.cl\/wp-content\/uploads\/2024\/11\/sin-titulo-2-768x432.png 768w, https:\/\/ethosnaval.cl\/wp-content\/uploads\/2024\/11\/sin-titulo-2-1536x864.png 1536w, https:\/\/ethosnaval.cl\/wp-content\/uploads\/2024\/11\/sin-titulo-2.png 1920w\" sizes=\"(max-width: 1024px) 100vw, 1024px\" \/>\t\t\t\t\t\t\t\t<\/a>\n\t\t\t\t\t\t\t\t\t\t\t<figcaption class=\"widget-image-caption wp-caption-text\">LEALTAD<\/figcaption>\n\t\t\t\t\t\t\t\t\t\t<\/figure>\n\t\t\t\t\t\t\t<\/div>\n\t\t\t\t<\/div>\n\t\t\t\t\t<\/div>\n\t\t<\/div>\n\t\t\t\t<div class=\"elementor-column elementor-col-33 elementor-top-column elementor-element elementor-element-a0d2771\" data-id=\"a0d2771\" data-element_type=\"column\">\n\t\t\t<div class=\"elementor-widget-wrap elementor-element-populated\">\n\t\t\t\t\t\t<div class=\"elementor-element elementor-element-95a434e elementor-widget elementor-widget-image\" data-id=\"95a434e\" data-element_type=\"widget\" data-widget_type=\"image.default\">\n\t\t\t\t<div class=\"elementor-widget-container\">\n\t\t\t\t\t\t\t\t\t\t<figure class=\"wp-caption\">\n\t\t\t\t\t\t\t\t\t\t\t<a href=\"https:\/\/youtu.be\/_mbDdMkA8yc\" target=\"_blank\">\n\t\t\t\t\t\t\t<img fetchpriority=\"high\" decoding=\"async\" width=\"1024\" height=\"576\" src=\"https:\/\/ethosnaval.cl\/wp-content\/uploads\/2024\/11\/sin-titulo-2-1024x576.png\" class=\"attachment-large size-large wp-image-689\" alt=\"\" srcset=\"https:\/\/ethosnaval.cl\/wp-content\/uploads\/2024\/11\/sin-titulo-2-1024x576.png 1024w, https:\/\/ethosnaval.cl\/wp-content\/uploads\/2024\/11\/sin-titulo-2-300x169.png 300w, https:\/\/ethosnaval.cl\/wp-content\/uploads\/2024\/11\/sin-titulo-2-768x432.png 768w, https:\/\/ethosnaval.cl\/wp-content\/uploads\/2024\/11\/sin-titulo-2-1536x864.png 1536w, https:\/\/ethosnaval.cl\/wp-content\/uploads\/2024\/11\/sin-titulo-2.png 1920w\" sizes=\"(max-width: 1024px) 100vw, 1024px\" \/>\t\t\t\t\t\t\t\t<\/a>\n\t\t\t\t\t\t\t\t\t\t\t<figcaption class=\"widget-image-caption wp-caption-text\">HONOR<\/figcaption>\n\t\t\t\t\t\t\t\t\t\t<\/figure>\n\t\t\t\t\t\t\t<\/div>\n\t\t\t\t<\/div>\n\t\t\t\t\t<\/div>\n\t\t<\/div>\n\t\t\t\t\t<\/div>\n\t\t<\/section>\n\t\t\t\t<section class=\"elementor-section elementor-top-section elementor-element elementor-element-e132bb9 elementor-section-boxed elementor-section-height-default elementor-section-height-default\" data-id=\"e132bb9\" data-element_type=\"section\">\n\t\t\t\t\t\t<div class=\"elementor-container elementor-column-gap-default\">\n\t\t\t\t\t<div class=\"elementor-column elementor-col-33 elementor-top-column elementor-element elementor-element-904c0d9\" data-id=\"904c0d9\" data-element_type=\"column\">\n\t\t\t<div class=\"elementor-widget-wrap elementor-element-populated\">\n\t\t\t\t\t\t<div class=\"elementor-element elementor-element-66eba82 elementor-widget elementor-widget-image\" data-id=\"66eba82\" data-element_type=\"widget\" data-widget_type=\"image.default\">\n\t\t\t\t<div class=\"elementor-widget-container\">\n\t\t\t\t\t\t\t\t\t\t<figure class=\"wp-caption\">\n\t\t\t\t\t\t\t\t\t\t\t<a href=\"https:\/\/youtu.be\/ZPya034Cq2w\" target=\"_blank\">\n\t\t\t\t\t\t\t<img fetchpriority=\"high\" decoding=\"async\" width=\"1024\" height=\"576\" src=\"https:\/\/ethosnaval.cl\/wp-content\/uploads\/2024\/11\/sin-titulo-2-1024x576.png\" class=\"attachment-large size-large wp-image-689\" alt=\"\" srcset=\"https:\/\/ethosnaval.cl\/wp-content\/uploads\/2024\/11\/sin-titulo-2-1024x576.png 1024w, https:\/\/ethosnaval.cl\/wp-content\/uploads\/2024\/11\/sin-titulo-2-300x169.png 300w, https:\/\/ethosnaval.cl\/wp-content\/uploads\/2024\/11\/sin-titulo-2-768x432.png 768w, https:\/\/ethosnaval.cl\/wp-content\/uploads\/2024\/11\/sin-titulo-2-1536x864.png 1536w, https:\/\/ethosnaval.cl\/wp-content\/uploads\/2024\/11\/sin-titulo-2.png 1920w\" sizes=\"(max-width: 1024px) 100vw, 1024px\" \/>\t\t\t\t\t\t\t\t<\/a>\n\t\t\t\t\t\t\t\t\t\t\t<figcaption class=\"widget-image-caption wp-caption-text\">DEBER<\/figcaption>\n\t\t\t\t\t\t\t\t\t\t<\/figure>\n\t\t\t\t\t\t\t<\/div>\n\t\t\t\t<\/div>\n\t\t\t\t\t<\/div>\n\t\t<\/div>\n\t\t\t\t<div class=\"elementor-column elementor-col-33 elementor-top-column elementor-element elementor-element-ba794e9\" data-id=\"ba794e9\" data-element_type=\"column\">\n\t\t\t<div class=\"elementor-widget-wrap elementor-element-populated\">\n\t\t\t\t\t\t<div class=\"elementor-element elementor-element-1abea38 elementor-widget elementor-widget-image\" data-id=\"1abea38\" data-element_type=\"widget\" data-widget_type=\"image.default\">\n\t\t\t\t<div class=\"elementor-widget-container\">\n\t\t\t\t\t\t\t\t\t\t<figure class=\"wp-caption\">\n\t\t\t\t\t\t\t\t\t\t\t<a href=\"https:\/\/youtu.be\/wtvyiZ6xOHA\" target=\"_blank\">\n\t\t\t\t\t\t\t<img fetchpriority=\"high\" decoding=\"async\" width=\"1024\" height=\"576\" src=\"https:\/\/ethosnaval.cl\/wp-content\/uploads\/2024\/11\/sin-titulo-2-1024x576.png\" class=\"attachment-large size-large wp-image-689\" alt=\"\" srcset=\"https:\/\/ethosnaval.cl\/wp-content\/uploads\/2024\/11\/sin-titulo-2-1024x576.png 1024w, https:\/\/ethosnaval.cl\/wp-content\/uploads\/2024\/11\/sin-titulo-2-300x169.png 300w, https:\/\/ethosnaval.cl\/wp-content\/uploads\/2024\/11\/sin-titulo-2-768x432.png 768w, https:\/\/ethosnaval.cl\/wp-content\/uploads\/2024\/11\/sin-titulo-2-1536x864.png 1536w, https:\/\/ethosnaval.cl\/wp-content\/uploads\/2024\/11\/sin-titulo-2.png 1920w\" sizes=\"(max-width: 1024px) 100vw, 1024px\" \/>\t\t\t\t\t\t\t\t<\/a>\n\t\t\t\t\t\t\t\t\t\t\t<figcaption class=\"widget-image-caption wp-caption-text\">VALENT\u00cdA<\/figcaption>\n\t\t\t\t\t\t\t\t\t\t<\/figure>\n\t\t\t\t\t\t\t<\/div>\n\t\t\t\t<\/div>\n\t\t\t\t\t<\/div>\n\t\t<\/div>\n\t\t\t\t<div class=\"elementor-column elementor-col-33 elementor-top-column elementor-element elementor-element-ad22ce1\" data-id=\"ad22ce1\" data-element_type=\"column\">\n\t\t\t<div class=\"elementor-widget-wrap elementor-element-populated\">\n\t\t\t\t\t\t<div class=\"elementor-element elementor-element-2c42ab3 elementor-widget elementor-widget-image\" data-id=\"2c42ab3\" data-element_type=\"widget\" data-widget_type=\"image.default\">\n\t\t\t\t<div class=\"elementor-widget-container\">\n\t\t\t\t\t\t\t\t\t\t<figure class=\"wp-caption\">\n\t\t\t\t\t\t\t\t\t\t\t<a href=\"https:\/\/youtu.be\/47M4Dynd234\" target=\"_blank\">\n\t\t\t\t\t\t\t<img fetchpriority=\"high\" decoding=\"async\" width=\"1024\" height=\"576\" src=\"https:\/\/ethosnaval.cl\/wp-content\/uploads\/2024\/11\/sin-titulo-2-1024x576.png\" class=\"attachment-large size-large wp-image-689\" alt=\"\" srcset=\"https:\/\/ethosnaval.cl\/wp-content\/uploads\/2024\/11\/sin-titulo-2-1024x576.png 1024w, https:\/\/ethosnaval.cl\/wp-content\/uploads\/2024\/11\/sin-titulo-2-300x169.png 300w, https:\/\/ethosnaval.cl\/wp-content\/uploads\/2024\/11\/sin-titulo-2-768x432.png 768w, https:\/\/ethosnaval.cl\/wp-content\/uploads\/2024\/11\/sin-titulo-2-1536x864.png 1536w, https:\/\/ethosnaval.cl\/wp-content\/uploads\/2024\/11\/sin-titulo-2.png 1920w\" sizes=\"(max-width: 1024px) 100vw, 1024px\" \/>\t\t\t\t\t\t\t\t<\/a>\n\t\t\t\t\t\t\t\t\t\t\t<figcaption class=\"widget-image-caption wp-caption-text\">INTEGRIDAD<\/figcaption>\n\t\t\t\t\t\t\t\t\t\t<\/figure>\n\t\t\t\t\t\t\t<\/div>\n\t\t\t\t<\/div>\n\t\t\t\t\t<\/div>\n\t\t<\/div>\n\t\t\t\t\t<\/div>\n\t\t<\/section>\n\t\t\t\t<section class=\"elementor-section elementor-top-section elementor-element elementor-element-2e92011 elementor-section-full_width elementor-section-height-default elementor-section-height-default\" data-id=\"2e92011\" data-element_type=\"section\">\n\t\t\t\t\t\t<div class=\"elementor-container elementor-column-gap-default\">\n\t\t\t\t\t<div class=\"elementor-column elementor-col-100 elementor-top-column elementor-element elementor-element-7e64f96\" data-id=\"7e64f96\" data-element_type=\"column\">\n\t\t\t<div class=\"elementor-widget-wrap elementor-element-populated\">\n\t\t\t\t\t\t<div class=\"elementor-element elementor-element-b6e669c elementor-widget elementor-widget-spacer\" data-id=\"b6e669c\" data-element_type=\"widget\" data-widget_type=\"spacer.default\">\n\t\t\t\t<div class=\"elementor-widget-container\">\n\t\t\t\t\t<div class=\"elementor-spacer\">\n\t\t\t<div class=\"elementor-spacer-inner\"><\/div>\n\t\t<\/div>\n\t\t\t\t<\/div>\n\t\t\t\t<\/div>\n\t\t\t\t\t<\/div>\n\t\t<\/div>\n\t\t\t\t\t<\/div>\n\t\t<\/section>\n\t\t\t\t<section class=\"elementor-section elementor-top-section elementor-element elementor-element-9f34fc8 elementor-section-height-min-height elementor-section-content-middle elementor-section-stretched elementor-section-boxed elementor-section-height-default elementor-section-items-middle\" data-id=\"9f34fc8\" data-element_type=\"section\" data-settings=\"{&quot;background_background&quot;:&quot;classic&quot;,&quot;stretch_section&quot;:&quot;section-stretched&quot;}\">\n\t\t\t\t\t\t<div class=\"elementor-container elementor-column-gap-narrow\">\n\t\t\t\t\t<div class=\"elementor-column elementor-col-25 elementor-top-column elementor-element elementor-element-605ddf2\" data-id=\"605ddf2\" data-element_type=\"column\">\n\t\t\t<div class=\"elementor-widget-wrap elementor-element-populated\">\n\t\t\t\t\t\t<div class=\"elementor-element elementor-element-2cd505a elementor-widget__width-initial elementor-widget elementor-widget-image\" data-id=\"2cd505a\" data-element_type=\"widget\" data-widget_type=\"image.default\">\n\t\t\t\t<div class=\"elementor-widget-container\">\n\t\t\t\t\t\t\t\t\t\t\t\t\t<img decoding=\"async\" width=\"232\" height=\"300\" data-src=\"https:\/\/ethosnaval.cl\/wp-content\/uploads\/2025\/10\/escudo-oficial-armada-232x300.png\" class=\"attachment-medium size-medium wp-image-1137 lazyload\" alt=\"\" data-srcset=\"https:\/\/ethosnaval.cl\/wp-content\/uploads\/2025\/10\/escudo-oficial-armada-232x300.png 232w, https:\/\/ethosnaval.cl\/wp-content\/uploads\/2025\/10\/escudo-oficial-armada-791x1024.png 791w, https:\/\/ethosnaval.cl\/wp-content\/uploads\/2025\/10\/escudo-oficial-armada-768x994.png 768w, https:\/\/ethosnaval.cl\/wp-content\/uploads\/2025\/10\/escudo-oficial-armada-1187x1536.png 1187w, https:\/\/ethosnaval.cl\/wp-content\/uploads\/2025\/10\/escudo-oficial-armada-1583x2048.png 1583w, https:\/\/ethosnaval.cl\/wp-content\/uploads\/2025\/10\/escudo-oficial-armada.png 1836w\" data-sizes=\"(max-width: 232px) 100vw, 232px\" src=\"data:image\/svg+xml;base64,PHN2ZyB3aWR0aD0iMSIgaGVpZ2h0PSIxIiB4bWxucz0iaHR0cDovL3d3dy53My5vcmcvMjAwMC9zdmciPjwvc3ZnPg==\" style=\"--smush-placeholder-width: 232px; --smush-placeholder-aspect-ratio: 232\/300;\" \/>\t\t\t\t\t\t\t\t\t\t\t\t\t<\/div>\n\t\t\t\t<\/div>\n\t\t\t\t\t<\/div>\n\t\t<\/div>\n\t\t\t\t<div class=\"elementor-column elementor-col-25 elementor-top-column elementor-element elementor-element-d20ed33\" data-id=\"d20ed33\" data-element_type=\"column\">\n\t\t\t<div class=\"elementor-widget-wrap elementor-element-populated\">\n\t\t\t\t\t\t<div class=\"elementor-element elementor-element-650f753 elementor-widget elementor-widget-heading\" data-id=\"650f753\" data-element_type=\"widget\" data-widget_type=\"heading.default\">\n\t\t\t\t<div class=\"elementor-widget-container\">\n\t\t\t<h2 class=\"elementor-heading-title elementor-size-default\">OTRAS PLATAFORMAS<\/h2>\t\t<\/div>\n\t\t\t\t<\/div>\n\t\t\t\t<div class=\"elementor-element elementor-element-ca15c4f elementor-widget elementor-widget-text-editor\" data-id=\"ca15c4f\" data-element_type=\"widget\" data-widget_type=\"text-editor.default\">\n\t\t\t\t<div class=\"elementor-widget-container\">\n\t\t\t\t\t\t\t<ul>\n \t<li><strong><a style=\"color: white;\" href=\"https:\/\/www.armada.cl\/\" target=\"_blank\" rel=\"noopener\">ARMADA DE CHILE<\/a><\/strong><\/li>\n \t<li><strong><a style=\"color: white;\" href=\"https:\/\/www.educacionnaval.cl\/\" target=\"_blank\" rel=\"noopener\">EDUCACI\u00d3N NAVAL<\/a><\/strong><\/li>\n \t<li><strong><a style=\"color: white;\" href=\"https:\/\/cedarmada.cl\/\" target=\"_blank\" rel=\"noopener\">CENTRO DE EDUCACI\u00d3N A DISTANCIA<\/a><\/strong><\/li>\n \t<li><strong><a style=\"color: white;\" href=\"https:\/\/www.abarlovento.cl\/\" target=\"_blank\" rel=\"noopener\">BARLOVENTO<\/a><\/strong><\/li>\n<\/ul>\t\t\t\t\t\t<\/div>\n\t\t\t\t<\/div>\n\t\t\t\t\t<\/div>\n\t\t<\/div>\n\t\t\t\t<div class=\"elementor-column elementor-col-25 elementor-top-column elementor-element elementor-element-59aea7e\" data-id=\"59aea7e\" data-element_type=\"column\">\n\t\t\t<div class=\"elementor-widget-wrap elementor-element-populated\">\n\t\t\t\t\t\t<div class=\"elementor-element elementor-element-6fe3b1f elementor-widget elementor-widget-heading\" data-id=\"6fe3b1f\" data-element_type=\"widget\" data-widget_type=\"heading.default\">\n\t\t\t\t<div class=\"elementor-widget-container\">\n\t\t\t<h2 class=\"elementor-heading-title elementor-size-default\">T\u00c9RMINOS Y CONDICIONES<\/h2>\t\t<\/div>\n\t\t\t\t<\/div>\n\t\t\t\t<div class=\"elementor-element elementor-element-f4e46b8 elementor-widget elementor-widget-text-editor\" data-id=\"f4e46b8\" data-element_type=\"widget\" data-widget_type=\"text-editor.default\">\n\t\t\t\t<div class=\"elementor-widget-container\">\n\t\t\t\t\t\t\t<ul>\n \t<li class=\"MsoNormal\"><strong><a href=\"https:\/\/digital.gob.cl\/transformacion-digital\/estandares-y-guias\/\" target=\"_blank\" rel=\"noopener\" style=\"color: white\" >EST\u00c1NDARES DIGITALES Y GU\u00cdAS<\/a><\/strong><\/li>\n \t<li class=\"MsoNormal\"><strong><a href=\"https:\/\/www.bcn.cl\/leychile\/navegar?i=1078308\" target=\"_blank\" rel=\"noopener\" style=\"color: white\">NORMATIVA T\u00c9CNICA SOBRE SISTEMAS Y SITIOS WEB<\/a><\/strong><\/li>\n \t<li class=\"MsoNormal\"><strong><a href=\"https:\/\/digital.gob.cl\/transformacion-digital\/ley-de-transformacion-digital\/\" target=\"_blank\" rel=\"noopener\" style=\"color: white\" >LEY TRANSFORMACI\u00d3N DIGITAL<\/a><\/strong><\/li>\n<\/ul>\t\t\t\t\t\t<\/div>\n\t\t\t\t<\/div>\n\t\t\t\t\t<\/div>\n\t\t<\/div>\n\t\t\t\t<div class=\"elementor-column elementor-col-25 elementor-top-column elementor-element elementor-element-640717f\" data-id=\"640717f\" data-element_type=\"column\">\n\t\t\t<div class=\"elementor-widget-wrap elementor-element-populated\">\n\t\t\t\t\t\t<div class=\"elementor-element elementor-element-d795b48 elementor-widget elementor-widget-image\" data-id=\"d795b48\" data-element_type=\"widget\" data-widget_type=\"image.default\">\n\t\t\t\t<div class=\"elementor-widget-container\">\n\t\t\t\t\t\t\t\t\t\t\t\t\t<img decoding=\"async\" width=\"1024\" height=\"411\" data-src=\"https:\/\/ethosnaval.cl\/wp-content\/uploads\/2024\/11\/ethos-naval-logo-1024x411.png\" class=\"attachment-large size-large wp-image-9 lazyload\" alt=\"\" data-srcset=\"https:\/\/ethosnaval.cl\/wp-content\/uploads\/2024\/11\/ethos-naval-logo-1024x411.png 1024w, https:\/\/ethosnaval.cl\/wp-content\/uploads\/2024\/11\/ethos-naval-logo-300x120.png 300w, https:\/\/ethosnaval.cl\/wp-content\/uploads\/2024\/11\/ethos-naval-logo-768x308.png 768w, https:\/\/ethosnaval.cl\/wp-content\/uploads\/2024\/11\/ethos-naval-logo.png 1428w\" data-sizes=\"(max-width: 1024px) 100vw, 1024px\" src=\"data:image\/svg+xml;base64,PHN2ZyB3aWR0aD0iMSIgaGVpZ2h0PSIxIiB4bWxucz0iaHR0cDovL3d3dy53My5vcmcvMjAwMC9zdmciPjwvc3ZnPg==\" style=\"--smush-placeholder-width: 1024px; --smush-placeholder-aspect-ratio: 1024\/411;\" \/>\t\t\t\t\t\t\t\t\t\t\t\t\t<\/div>\n\t\t\t\t<\/div>\n\t\t\t\t\t<\/div>\n\t\t<\/div>\n\t\t\t\t\t<\/div>\n\t\t<\/section>\n\t\t\t\t<\/div>\n\t\t","protected":false},"excerpt":{"rendered":"<p>VALORES PATRIOTISMO LEALTAD HONOR DEBER VALENT\u00cdA INTEGRIDAD OTRAS PLATAFORMAS ARMADA DE CHILE EDUCACI\u00d3N NAVAL CENTRO DE EDUCACI\u00d3N A DISTANCIA BARLOVENTO T\u00c9RMINOS Y CONDICIONES EST\u00c1NDARES DIGITALES Y GU\u00cdAS NORMATIVA T\u00c9CNICA SOBRE SISTEMAS Y SITIOS WEB LEY TRANSFORMACI\u00d3N DIGITAL<\/p>\n","protected":false},"author":1,"featured_media":0,"parent":0,"menu_order":0,"comment_status":"closed","ping_status":"closed","template":"","meta":{"footnotes":""},"class_list":["post-676","page","type-page","status-publish","hentry"],"_links":{"self":[{"href":"https:\/\/ethosnaval.cl\/index.php?rest_route=\/wp\/v2\/pages\/676","targetHints":{"allow":["GET"]}}],"collection":[{"href":"https:\/\/ethosnaval.cl\/index.php?rest_route=\/wp\/v2\/pages"}],"about":[{"href":"https:\/\/ethosnaval.cl\/index.php?rest_route=\/wp\/v2\/types\/page"}],"author":[{"embeddable":true,"href":"https:\/\/ethosnaval.cl\/index.php?rest_route=\/wp\/v2\/users\/1"}],"replies":[{"embeddable":true,"href":"https:\/\/ethosnaval.cl\/index.php?rest_route=%2Fwp%2Fv2%2Fcomments&post=676"}],"version-history":[{"count":31,"href":"https:\/\/ethosnaval.cl\/index.php?rest_route=\/wp\/v2\/pages\/676\/revisions"}],"predecessor-version":[{"id":1203,"href":"https:\/\/ethosnaval.cl\/index.php?rest_route=\/wp\/v2\/pages\/676\/revisions\/1203"}],"wp:attachment":[{"href":"https:\/\/ethosnaval.cl\/index.php?rest_route=%2Fwp%2Fv2%2Fmedia&parent=676"}],"curies":[{"name":"wp","href":"https:\/\/api.w.org\/{rel}","templated":true}]}}