{"id":761,"date":"2025-10-01T09:15:46","date_gmt":"2025-10-01T12:15:46","guid":{"rendered":"https:\/\/ethosnaval.cl\/?page_id=761"},"modified":"2025-10-01T09:26:26","modified_gmt":"2025-10-01T12:26:26","slug":"vicealmirante-lord-thomas-alexander-cochrane","status":"publish","type":"page","link":"https:\/\/ethosnaval.cl\/?page_id=761","title":{"rendered":"Vicealmirante Lord Thomas Alexander Cochrane"},"content":{"rendered":"\t\t<div data-elementor-type=\"wp-page\" data-elementor-id=\"761\" class=\"elementor elementor-761\" data-elementor-post-type=\"page\">\n\t\t\t\t\t\t<section class=\"elementor-section elementor-top-section elementor-element elementor-element-86d42f9 elementor-section-boxed elementor-section-height-default elementor-section-height-default\" data-id=\"86d42f9\" data-element_type=\"section\">\n\t\t\t\t\t\t<div class=\"elementor-container elementor-column-gap-default\">\n\t\t\t\t\t<div class=\"elementor-column elementor-col-100 elementor-top-column elementor-element elementor-element-0345be0\" data-id=\"0345be0\" data-element_type=\"column\">\n\t\t\t<div class=\"elementor-widget-wrap elementor-element-populated\">\n\t\t\t\t\t\t<div class=\"elementor-element elementor-element-f46b688 elementor-widget elementor-widget-heading\" data-id=\"f46b688\" data-element_type=\"widget\" data-widget_type=\"heading.default\">\n\t\t\t\t<div class=\"elementor-widget-container\">\n\t\t\t<h2 class=\"elementor-heading-title elementor-size-default\">Vicealmirante Lord Thomas Alexander Cochrane (1775-1860)<\/h2>\t\t<\/div>\n\t\t\t\t<\/div>\n\t\t\t\t\t<\/div>\n\t\t<\/div>\n\t\t\t\t\t<\/div>\n\t\t<\/section>\n\t\t\t\t<section class=\"elementor-section elementor-top-section elementor-element elementor-element-d34c292 elementor-section-boxed elementor-section-height-default elementor-section-height-default\" data-id=\"d34c292\" data-element_type=\"section\">\n\t\t\t\t\t\t<div class=\"elementor-container elementor-column-gap-default\">\n\t\t\t\t\t<div class=\"elementor-column elementor-col-50 elementor-top-column elementor-element elementor-element-0de67a5\" data-id=\"0de67a5\" data-element_type=\"column\">\n\t\t\t<div class=\"elementor-widget-wrap elementor-element-populated\">\n\t\t\t\t\t\t<div class=\"elementor-element elementor-element-4b6c46b elementor-widget elementor-widget-image\" data-id=\"4b6c46b\" data-element_type=\"widget\" data-widget_type=\"image.default\">\n\t\t\t\t<div class=\"elementor-widget-container\">\n\t\t\t\t\t\t\t\t\t\t\t\t\t<img fetchpriority=\"high\" decoding=\"async\" width=\"651\" height=\"1024\" src=\"https:\/\/ethosnaval.cl\/wp-content\/uploads\/2025\/10\/lord-cochrane-651x1024.jpg\" class=\"attachment-large size-large wp-image-764\" alt=\"\" srcset=\"https:\/\/ethosnaval.cl\/wp-content\/uploads\/2025\/10\/lord-cochrane-651x1024.jpg 651w, https:\/\/ethosnaval.cl\/wp-content\/uploads\/2025\/10\/lord-cochrane-191x300.jpg 191w, https:\/\/ethosnaval.cl\/wp-content\/uploads\/2025\/10\/lord-cochrane.jpg 738w\" sizes=\"(max-width: 651px) 100vw, 651px\" \/>\t\t\t\t\t\t\t\t\t\t\t\t\t<\/div>\n\t\t\t\t<\/div>\n\t\t\t\t\t<\/div>\n\t\t<\/div>\n\t\t\t\t<div class=\"elementor-column elementor-col-50 elementor-top-column elementor-element elementor-element-15d57a1\" data-id=\"15d57a1\" data-element_type=\"column\">\n\t\t\t<div class=\"elementor-widget-wrap elementor-element-populated\">\n\t\t\t\t\t\t<div class=\"elementor-element elementor-element-2638abd elementor-widget elementor-widget-text-editor\" data-id=\"2638abd\" data-element_type=\"widget\" data-widget_type=\"text-editor.default\">\n\t\t\t\t<div class=\"elementor-widget-container\">\n\t\t\t\t\t\t\t<p style=\"text-align: justify;\"><span style=\"font-weight: 400; color: #000000;\">Es el primer Vicealmirante de Chile y uno de los fundadores de la Marina Nacional; el hombre que le dio m\u00e1s gloria y tradici\u00f3n a la Armada en el per\u00edodo de incipiente Independencia, destruyendo el poder naval de Espa\u00f1a en el Pac\u00edfico y logrando con ello la emancipaci\u00f3n del Per\u00fa.<\/span><\/p><p style=\"text-align: justify;\"><span style=\"font-weight: 400; color: #000000;\">Lord Cochrane naci\u00f3 en Escocia en 1775. A los 17 a\u00f1os ingresa a la Armada, aumentando su experiencia navegando en Norteam\u00e9rica y Europa, donde tuvo la oportunidad de conocer al Almirante Horacio Nelson, qui\u00e9n le impresion\u00f3 y pas\u00f3 a ser su ejemplo en el futuro.<\/span><\/p><p style=\"text-align: justify;\"><span style=\"font-weight: 400; color: #000000;\">Durante veinte a\u00f1os se dedic\u00f3 a defender a la corona inglesa en las guerras napole\u00f3nicas, destacando por su valor y victorias frente a los franceses. Sin embargo,\u00a0 dado su fuerte car\u00e1cter y la antipat\u00eda que ejerc\u00eda en ciertos personajes del alto mando naval brit\u00e1nico, decidi\u00f3 alejarse por un tiempo de la marina y dedicarse a la carrera pol\u00edtica. Fue en esta etapa que recibi\u00f3 la propuesta de asumir el mando de la Escuadra que se estaba formando en nuestro pa\u00eds, al cual arrib\u00f3 el 28 de noviembre de 1818, acompa\u00f1ado de su familia y algunos oficiales retirados de la Marina Real. De esta manera, se le design\u00f3 Vicealmirante y Comandante en Jefe de la Escuadra. Iz\u00f3 su insignia en la fragata &#8220;O&#8217;Higgins&#8221; y comenz\u00f3 r\u00e1pidamente a preparar la Escuadra.<\/span><\/p><p style=\"text-align: justify;\"><span style=\"font-weight: 400; color: #000000;\">Cochrane realiz\u00f3 importantes haza\u00f1as con el objetivo de destruir el poder naval espa\u00f1ol en el Pac\u00edfico sur, destacando la toma de Corral y Valdivia, donde captur\u00f3 cada uno de los fuertes establecidos por los espa\u00f1oles en la bah\u00eda y dirigi\u00f3 personalmente la operaci\u00f3n, hasta obtener la ca\u00edda de esta plaza, entre el 03 al 04 de febrero de 1820. Ese mismo a\u00f1o, el 20 de agosto, zarp\u00f3 la Expedici\u00f3n Libertadora del Per\u00fa, comandada por el General Jos\u00e9 San Mart\u00edn y Matorras. Cochrane reactiv\u00f3 el bloqueo a El Callao y en la noche del 05 al 06 de noviembre realiz\u00f3 otra haza\u00f1a que inmortalizar\u00eda su nombre: la captura de la fragata &#8220;Esmeralda&#8221;, hecho que signific\u00f3 la neutralizaci\u00f3n del poder naval espa\u00f1ol.<\/span><\/p><p style=\"text-align: justify;\"><span style=\"font-weight: 400; color: #000000;\">M\u00e1s tarde, Cochrane pidi\u00f3 licencia para retirarse a su hacienda de Quintero y, posteriormente, acept\u00f3 comandar la escuadra brasile\u00f1a, en contra de la flota portuguesa, por lo cual dej\u00f3 nuestro pa\u00eds y se dedic\u00f3 a la construcci\u00f3n naval y la organizaci\u00f3n de la Armada del Brasil. Cuando hubo finalizada su labor en Am\u00e9rica, volvi\u00f3 a prestar sus labores en Inglaterra y Grecia (que luchaba por su independencia contra los turcos). Para 1851 recibe el merecido reconocimiento de sus triunfos, al obtener el rango de Almirante del Reino Unido.<\/span><\/p>\t\t\t\t\t\t<\/div>\n\t\t\t\t<\/div>\n\t\t\t\t\t<\/div>\n\t\t<\/div>\n\t\t\t\t\t<\/div>\n\t\t<\/section>\n\t\t\t\t<\/div>\n\t\t","protected":false},"excerpt":{"rendered":"<p>Vicealmirante Lord Thomas Alexander Cochrane (1775-1860) Es el primer Vicealmirante de Chile y uno de los fundadores de la Marina Nacional; el hombre que le dio m\u00e1s gloria y tradici\u00f3n a la Armada en el per\u00edodo de incipiente Independencia, destruyendo el poder naval de Espa\u00f1a en el Pac\u00edfico y logrando con ello la emancipaci\u00f3n del [&hellip;]<\/p>\n","protected":false},"author":1,"featured_media":0,"parent":153,"menu_order":0,"comment_status":"closed","ping_status":"closed","template":"","meta":{"footnotes":""},"class_list":["post-761","page","type-page","status-publish","hentry"],"_links":{"self":[{"href":"https:\/\/ethosnaval.cl\/index.php?rest_route=\/wp\/v2\/pages\/761","targetHints":{"allow":["GET"]}}],"collection":[{"href":"https:\/\/ethosnaval.cl\/index.php?rest_route=\/wp\/v2\/pages"}],"about":[{"href":"https:\/\/ethosnaval.cl\/index.php?rest_route=\/wp\/v2\/types\/page"}],"author":[{"embeddable":true,"href":"https:\/\/ethosnaval.cl\/index.php?rest_route=\/wp\/v2\/users\/1"}],"replies":[{"embeddable":true,"href":"https:\/\/ethosnaval.cl\/index.php?rest_route=%2Fwp%2Fv2%2Fcomments&post=761"}],"version-history":[{"count":7,"href":"https:\/\/ethosnaval.cl\/index.php?rest_route=\/wp\/v2\/pages\/761\/revisions"}],"predecessor-version":[{"id":777,"href":"https:\/\/ethosnaval.cl\/index.php?rest_route=\/wp\/v2\/pages\/761\/revisions\/777"}],"up":[{"embeddable":true,"href":"https:\/\/ethosnaval.cl\/index.php?rest_route=\/wp\/v2\/pages\/153"}],"wp:attachment":[{"href":"https:\/\/ethosnaval.cl\/index.php?rest_route=%2Fwp%2Fv2%2Fmedia&parent=761"}],"curies":[{"name":"wp","href":"https:\/\/api.w.org\/{rel}","templated":true}]}}