{"id":778,"date":"2025-10-01T09:31:18","date_gmt":"2025-10-01T12:31:18","guid":{"rendered":"https:\/\/ethosnaval.cl\/?page_id=778"},"modified":"2025-10-01T09:41:49","modified_gmt":"2025-10-01T12:41:49","slug":"jose-miguel-carrera-verdugo","status":"publish","type":"page","link":"https:\/\/ethosnaval.cl\/?page_id=778","title":{"rendered":"Jos\u00e9 Miguel Carrera Verdugo"},"content":{"rendered":"\t\t<div data-elementor-type=\"wp-page\" data-elementor-id=\"778\" class=\"elementor elementor-778\" data-elementor-post-type=\"page\">\n\t\t\t\t\t\t<section class=\"elementor-section elementor-top-section elementor-element elementor-element-4e0f9d0 elementor-section-boxed elementor-section-height-default elementor-section-height-default\" data-id=\"4e0f9d0\" data-element_type=\"section\">\n\t\t\t\t\t\t<div class=\"elementor-container elementor-column-gap-default\">\n\t\t\t\t\t<div class=\"elementor-column elementor-col-100 elementor-top-column elementor-element elementor-element-0487e23\" data-id=\"0487e23\" data-element_type=\"column\">\n\t\t\t<div class=\"elementor-widget-wrap elementor-element-populated\">\n\t\t\t\t\t\t<div class=\"elementor-element elementor-element-e493235 elementor-widget elementor-widget-heading\" data-id=\"e493235\" data-element_type=\"widget\" data-widget_type=\"heading.default\">\n\t\t\t\t<div class=\"elementor-widget-container\">\n\t\t\t<h2 class=\"elementor-heading-title elementor-size-default\">Jos\u00e9 Miguel Carrera Verdugo (1785-1821\n\n)<\/h2>\t\t<\/div>\n\t\t\t\t<\/div>\n\t\t\t\t\t<\/div>\n\t\t<\/div>\n\t\t\t\t\t<\/div>\n\t\t<\/section>\n\t\t\t\t<section class=\"elementor-section elementor-top-section elementor-element elementor-element-7712028 elementor-section-boxed elementor-section-height-default elementor-section-height-default\" data-id=\"7712028\" data-element_type=\"section\">\n\t\t\t\t\t\t<div class=\"elementor-container elementor-column-gap-default\">\n\t\t\t\t\t<div class=\"elementor-column elementor-col-50 elementor-top-column elementor-element elementor-element-4b07cfd\" data-id=\"4b07cfd\" data-element_type=\"column\">\n\t\t\t<div class=\"elementor-widget-wrap elementor-element-populated\">\n\t\t\t\t\t\t<div class=\"elementor-element elementor-element-30059e1 elementor-widget elementor-widget-image\" data-id=\"30059e1\" data-element_type=\"widget\" data-widget_type=\"image.default\">\n\t\t\t\t<div class=\"elementor-widget-container\">\n\t\t\t\t\t\t\t\t\t\t\t\t\t<img fetchpriority=\"high\" decoding=\"async\" width=\"955\" height=\"1024\" src=\"https:\/\/ethosnaval.cl\/wp-content\/uploads\/2025\/10\/jose-miguel-carrera-955x1024.jpg\" class=\"attachment-large size-large wp-image-783\" alt=\"\" srcset=\"https:\/\/ethosnaval.cl\/wp-content\/uploads\/2025\/10\/jose-miguel-carrera-955x1024.jpg 955w, https:\/\/ethosnaval.cl\/wp-content\/uploads\/2025\/10\/jose-miguel-carrera-280x300.jpg 280w, https:\/\/ethosnaval.cl\/wp-content\/uploads\/2025\/10\/jose-miguel-carrera-768x824.jpg 768w, https:\/\/ethosnaval.cl\/wp-content\/uploads\/2025\/10\/jose-miguel-carrera.jpg 1034w\" sizes=\"(max-width: 955px) 100vw, 955px\" \/>\t\t\t\t\t\t\t\t\t\t\t\t\t<\/div>\n\t\t\t\t<\/div>\n\t\t\t\t\t<\/div>\n\t\t<\/div>\n\t\t\t\t<div class=\"elementor-column elementor-col-50 elementor-top-column elementor-element elementor-element-e1e4873\" data-id=\"e1e4873\" data-element_type=\"column\">\n\t\t\t<div class=\"elementor-widget-wrap elementor-element-populated\">\n\t\t\t\t\t\t<div class=\"elementor-element elementor-element-e2d7fe6 elementor-widget elementor-widget-text-editor\" data-id=\"e2d7fe6\" data-element_type=\"widget\" data-widget_type=\"text-editor.default\">\n\t\t\t\t<div class=\"elementor-widget-container\">\n\t\t\t\t\t\t\t<p style=\"text-align: justify;\"><span style=\"font-weight: 400; color: #000000;\">Naci\u00f3 en 1785, e ingres\u00f3 nueve a\u00f1os despu\u00e9s, como cadete, al Regimiento de Caballer\u00eda del Pr\u00edncipe. Para 1805 era Teniente, y un a\u00f1o despu\u00e9s viaja a Espa\u00f1a y se enrola en el ej\u00e9rcito. All\u00ed, efectu\u00f3\u00a0 las campa\u00f1as de 1808 &#8211; 1809 y principios de 1810, participando en m\u00e1s de 20 hechos de armas, ascendiendo a Sargento Mayor del Regimiento H\u00fasares de Galicia.<\/span><\/p>\n<p style=\"text-align: justify;\"><span style=\"font-weight: 400; color: #000000;\">Regres\u00f3 a Chile el a\u00f1o 1811, participando en un complot que llev\u00f3 a la familia Larra\u00edn al poder, luego de lo cual form\u00f3 parte de una nueva Junta de Gobierno, representando a la provincia de Santiago. Meses despu\u00e9s, es disuelto el Congreso y asume como Presidente de Gobierno, impulsando obras como la instalaci\u00f3n de la prensa, nombrando redactor a fray Camilo Henr\u00edquez, sancion\u00f3 la primera Constituci\u00f3n Pol\u00edtica de la Rep\u00fablica (1812), cre\u00f3 la primera bandera nacional y el primer escudo de armas. Adem\u00e1s del Instituto Nacional, fue responsable de la creaci\u00f3n de escuelas en los monasterios y el mejoramiento de los hospitales.<\/span><\/p>\n<p style=\"text-align: justify;\"><span style=\"font-weight: 400; color: #000000;\">En marzo de 1813, luego del desembarco del Brigadier Antonio Pareja,\u00a0 quien fue enviado por el Virrey del Per\u00fa a sofocar la emancipaci\u00f3n de Chile, asumi\u00f3 como General en Jefe del Ej\u00e9rcito y combati\u00f3 en Yerbas Buenas, San Carlos, Talcahuano y puso en sitio la ciudad de Chill\u00e1n, desde donde se tuvo que retirar por no contar con los medios adecuados. Al a\u00f1o siguiente le sucede en el mando del Ej\u00e9rcito, el Brigadier Bernardo O&#8217;Higgins. Una vez entregado el mando en Concepci\u00f3n, al dirigirse a Santiago es hecho prisionero por los espa\u00f1oles, pero logra fugarse.<\/span><\/p>\n<p style=\"text-align: justify;\"><span style=\"font-weight: 400; color: #000000;\">Luego de una revuelta, se enfrenta a O&#8217;Higgins en el combate de Las Tres Acequias. Al conocerse la noticia del desembarco del Brigadier Mariano Osorio, enviado por el Virrey del Per\u00fa para sofocar nuevamente la independencia de Chile, ambos se unen en la causa. No obstante, la falta de materiales de guerra, y la celeridad de Osorio, impiden una buena organizaci\u00f3n y se produce el &#8220;Desastre de Rancagua&#8221;, donde son batidas las fuerzas patriotas encabezadas por O&#8217;Higgins.<\/span><\/p>\n<p style=\"text-align: justify;\"><span style=\"font-weight: 400; color: #000000;\">Con base en lo anterior, Carrera emigra a Mendoza con los restos de su Ej\u00e9rcito, donde se enemista con el Gobernador y por ello es tomado prisionero y enviado a Buenos Aires, donde zarpa con destino a los EE.UU. en busca de ayuda para reconquistar Chile. En el pa\u00eds norteamericano se entrevist\u00f3 con el Presidente James Madison, logrando organizar una escuadrilla de cuatro buques en los que iz\u00f3 el pabell\u00f3n nacional y embarc\u00f3 una considerable cantidad de armas, municiones y pertrechos, adem\u00e1s de una brillante oficialidad extranjera.<\/span><\/p>\n<p style=\"text-align: justify;\"><span style=\"font-weight: 400; color: #000000;\">Arrib\u00f3 a Buenos Aires en enero de 1816, donde el Director Supremo de las Provincias Unidas del R\u00edo de la Plata, Brigadier Juan Mart\u00edn de Pueyrred\u00f3n retiene sus naves y lo somete a prisi\u00f3n, de la cual se fuga para dirigirse a Montevideo y recibir la protecci\u00f3n del General portugu\u00e9s Carlos Federico Lecor. All\u00ed conoce del asesinato de sus hermanos Juan Jos\u00e9 y Luis en abril de 1818, en la ciudad de Mendoza.<\/span><\/p>\n<p style=\"text-align: justify;\"><span style=\"font-weight: 400; color: #000000;\">Inicia una campa\u00f1a por instaurar un estado federal, al tiempo que denuncia los intentos de Jos\u00e9 de San Mart\u00edn y Juan Mart\u00edn de Pueyrred\u00f3n de establecer una monarqu\u00eda. En las <\/span><\/p>\t\t\t\t\t\t<\/div>\n\t\t\t\t<\/div>\n\t\t\t\t\t<\/div>\n\t\t<\/div>\n\t\t\t\t\t<\/div>\n\t\t<\/section>\n\t\t\t\t<\/div>\n\t\t","protected":false},"excerpt":{"rendered":"<p>Jos\u00e9 Miguel Carrera Verdugo (1785-1821 ) Naci\u00f3 en 1785, e ingres\u00f3 nueve a\u00f1os despu\u00e9s, como cadete, al Regimiento de Caballer\u00eda del Pr\u00edncipe. Para 1805 era Teniente, y un a\u00f1o despu\u00e9s viaja a Espa\u00f1a y se enrola en el ej\u00e9rcito. All\u00ed, efectu\u00f3\u00a0 las campa\u00f1as de 1808 &#8211; 1809 y principios de 1810, participando en m\u00e1s de [&hellip;]<\/p>\n","protected":false},"author":1,"featured_media":0,"parent":153,"menu_order":0,"comment_status":"closed","ping_status":"closed","template":"","meta":{"footnotes":""},"class_list":["post-778","page","type-page","status-publish","hentry"],"_links":{"self":[{"href":"https:\/\/ethosnaval.cl\/index.php?rest_route=\/wp\/v2\/pages\/778","targetHints":{"allow":["GET"]}}],"collection":[{"href":"https:\/\/ethosnaval.cl\/index.php?rest_route=\/wp\/v2\/pages"}],"about":[{"href":"https:\/\/ethosnaval.cl\/index.php?rest_route=\/wp\/v2\/types\/page"}],"author":[{"embeddable":true,"href":"https:\/\/ethosnaval.cl\/index.php?rest_route=\/wp\/v2\/users\/1"}],"replies":[{"embeddable":true,"href":"https:\/\/ethosnaval.cl\/index.php?rest_route=%2Fwp%2Fv2%2Fcomments&post=778"}],"version-history":[{"count":4,"href":"https:\/\/ethosnaval.cl\/index.php?rest_route=\/wp\/v2\/pages\/778\/revisions"}],"predecessor-version":[{"id":787,"href":"https:\/\/ethosnaval.cl\/index.php?rest_route=\/wp\/v2\/pages\/778\/revisions\/787"}],"up":[{"embeddable":true,"href":"https:\/\/ethosnaval.cl\/index.php?rest_route=\/wp\/v2\/pages\/153"}],"wp:attachment":[{"href":"https:\/\/ethosnaval.cl\/index.php?rest_route=%2Fwp%2Fv2%2Fmedia&parent=778"}],"curies":[{"name":"wp","href":"https:\/\/api.w.org\/{rel}","templated":true}]}}