{"id":788,"date":"2025-10-01T09:45:47","date_gmt":"2025-10-01T12:45:47","guid":{"rendered":"https:\/\/ethosnaval.cl\/?page_id=788"},"modified":"2025-10-01T10:34:50","modified_gmt":"2025-10-01T13:34:50","slug":"general-bernardo-ohiggins-riquelme","status":"publish","type":"page","link":"https:\/\/ethosnaval.cl\/?page_id=788","title":{"rendered":"General Bernardo O&#8217;Higgins Riquelme"},"content":{"rendered":"\t\t<div data-elementor-type=\"wp-page\" data-elementor-id=\"788\" class=\"elementor elementor-788\" data-elementor-post-type=\"page\">\n\t\t\t\t\t\t<section class=\"elementor-section elementor-top-section elementor-element elementor-element-22868a5 elementor-section-boxed elementor-section-height-default elementor-section-height-default\" data-id=\"22868a5\" data-element_type=\"section\">\n\t\t\t\t\t\t<div class=\"elementor-container elementor-column-gap-default\">\n\t\t\t\t\t<div class=\"elementor-column elementor-col-100 elementor-top-column elementor-element elementor-element-ed1c3c0\" data-id=\"ed1c3c0\" data-element_type=\"column\">\n\t\t\t<div class=\"elementor-widget-wrap elementor-element-populated\">\n\t\t\t\t\t\t<div class=\"elementor-element elementor-element-9ead00a elementor-widget elementor-widget-heading\" data-id=\"9ead00a\" data-element_type=\"widget\" data-widget_type=\"heading.default\">\n\t\t\t\t<div class=\"elementor-widget-container\">\n\t\t\t<h2 class=\"elementor-heading-title elementor-size-default\">General Bernardo O'Higgins Riquelme (1778- 1842)<\/h2>\t\t<\/div>\n\t\t\t\t<\/div>\n\t\t\t\t\t<\/div>\n\t\t<\/div>\n\t\t\t\t\t<\/div>\n\t\t<\/section>\n\t\t\t\t<section class=\"elementor-section elementor-top-section elementor-element elementor-element-deec38d elementor-section-boxed elementor-section-height-default elementor-section-height-default\" data-id=\"deec38d\" data-element_type=\"section\">\n\t\t\t\t\t\t<div class=\"elementor-container elementor-column-gap-default\">\n\t\t\t\t\t<div class=\"elementor-column elementor-col-50 elementor-top-column elementor-element elementor-element-52529b4\" data-id=\"52529b4\" data-element_type=\"column\">\n\t\t\t<div class=\"elementor-widget-wrap elementor-element-populated\">\n\t\t\t\t\t\t<div class=\"elementor-element elementor-element-68f4f9c elementor-widget elementor-widget-image\" data-id=\"68f4f9c\" data-element_type=\"widget\" data-widget_type=\"image.default\">\n\t\t\t\t<div class=\"elementor-widget-container\">\n\t\t\t\t\t\t\t\t\t\t\t\t\t<img fetchpriority=\"high\" decoding=\"async\" width=\"946\" height=\"1024\" src=\"https:\/\/ethosnaval.cl\/wp-content\/uploads\/2025\/10\/bernando-ohiggins-946x1024.jpg\" class=\"attachment-large size-large wp-image-796\" alt=\"\" srcset=\"https:\/\/ethosnaval.cl\/wp-content\/uploads\/2025\/10\/bernando-ohiggins-946x1024.jpg 946w, https:\/\/ethosnaval.cl\/wp-content\/uploads\/2025\/10\/bernando-ohiggins-277x300.jpg 277w, https:\/\/ethosnaval.cl\/wp-content\/uploads\/2025\/10\/bernando-ohiggins-768x831.jpg 768w, https:\/\/ethosnaval.cl\/wp-content\/uploads\/2025\/10\/bernando-ohiggins.jpg 1211w\" sizes=\"(max-width: 946px) 100vw, 946px\" \/>\t\t\t\t\t\t\t\t\t\t\t\t\t<\/div>\n\t\t\t\t<\/div>\n\t\t\t\t\t<\/div>\n\t\t<\/div>\n\t\t\t\t<div class=\"elementor-column elementor-col-50 elementor-top-column elementor-element elementor-element-65f59ab\" data-id=\"65f59ab\" data-element_type=\"column\">\n\t\t\t<div class=\"elementor-widget-wrap elementor-element-populated\">\n\t\t\t\t\t\t<div class=\"elementor-element elementor-element-191d542 elementor-widget elementor-widget-text-editor\" data-id=\"191d542\" data-element_type=\"widget\" data-widget_type=\"text-editor.default\">\n\t\t\t\t<div class=\"elementor-widget-container\">\n\t\t\t\t\t\t\t<p style=\"text-align: justify;\"><span style=\"font-weight: 400; color: #000000;\">Naci\u00f3 en 1778, hijo del irland\u00e9s don Ambrosio O&#8217;Higgins y do\u00f1a Isabel Riquelme. Fue educado en el Colegio de Naturales en Chill\u00e1n, Colegio de San Carlos en Lima, y posteriormente fue enviado a Europa (Espa\u00f1a e\u00a0 Inglaterra), donde, adem\u00e1s de continuar con sus estudios, conoci\u00f3 a Francisco Miranda. Este \u00faltimo fue precursor de la independencia hispana, y fue quien imbuy\u00f3 a O&#8217;Higgins con las ideas libertarias y consejos que le servir\u00edan para tomar parte activa en la lucha de emancipaci\u00f3n de nuestro pa\u00eds.<\/span><\/p><p style=\"text-align: justify;\"><span style=\"font-weight: 400; color: #000000;\">Vuelve a Chile en 1802, un a\u00f1o despu\u00e9s de la muerte de su padre, a la fecha, virrey del Per\u00fa, quien le hered\u00f3 una hacienda, a la cual dedic\u00f3 sus energ\u00edas en los a\u00f1os venideros, junto con las actividades del servicio p\u00fablico, en los cargos de Alcalde de Chill\u00e1n y Subdelegado de la Isla de Laja. Paralelamente recibi\u00f3 instrucci\u00f3n militar del Coronel Juan Mackenna, luego de lo cual organiz\u00f3 a los campesinos de su hacienda para el combate y, en Chill\u00e1n, form\u00f3 un cuerpo militar de insurgentes.\u00a0<\/span><\/p><p style=\"text-align: justify;\"><span style=\"font-weight: 400; color: #000000;\">Fue parte de la junta de Gobierno de 1811, luego de los movimientos revolucionarios de Jos\u00e9 Miguel Carrera Verdugo. Dos a\u00f1os despu\u00e9s enfrent\u00f3 las represalias realistas, quienes apresaron a su madre y hermana, junto con quemar las casas de su hacienda, lo cual da muestra de los cruentas reacciones del proceso independentista. Luego, en el marco de las acciones militares de la patria vieja, entre 1813 y 1814, particip\u00f3 del sitio de Chill\u00e1n, batalla del Roble, combates de El Quilo, El Membrillar, Tres Montes, Guajardo y Quechereguas, obteniendo sucesivas victorias para la causa patriota.\u00a0<\/span><\/p><p style=\"text-align: justify;\"><span style=\"font-weight: 400; color: #000000;\">A mediados de 1814 las diferencias entre O&#8217;Higgins y Jos\u00e9 Miguel Carrera son evidentes, lo cual lleva al enfrentamiento entre patriotas en el combate de Tres Acequias, donde Luis Carrera logra una victoria transitoria. La llegada a nuestro pa\u00eds del Brigadier espa\u00f1ol Mariano Osorio y su avance hacia Talca logra unir nuevamente a los l\u00edderes chilenos, quienes se refugiaron en la plaza de Rancagua, donde luego de 36 horas de combate, debieron huir derrotados en direcci\u00f3n a Santiago, para emigrar a Mendoza luego de este desastre.\u00a0<\/span><\/p><p style=\"text-align: justify;\"><span style=\"font-weight: 400; color: #000000;\">En Argentina recibi\u00f3 apoyo de Jos\u00e9 de San Mart\u00edn, quien junto a O&#8217;Higgins retornar\u00e1 a Chile a trav\u00e9s de la cordillera de los Andes el a\u00f1o 1817, derrotando a los realistas en la Batalla de Chacabuco, luego de la cual el Cabildo abierto proclam\u00f3 a Bernardo O&#8217;Higgins como Director Supremo.\u00a0En ese cargo, organizar\u00e1 el gobierno en lo jur\u00eddico, educacional, cultural y material, reglamentando sus funciones, imponiendo tributos, y adaptando las leyes de instituciones del r\u00e9gimen colonial, al principio republicano para establecer un sistema social sobre bases m\u00e1s humanas e igualitarias. Asimismo, promovi\u00f3 la creaci\u00f3n de colegios, bibliotecas, hospitales, cementerios y planific\u00f3 la urbanizaci\u00f3n de las ciudades. Adem\u00e1s, leg\u00f3 a nuestro pa\u00eds la Escuela Militar y la Academia de Guardiamarinas; el Instituto Nacional; la Biblioteca Nacional; una nueva canci\u00f3n nacional; el Escudo de Armas de la Rep\u00fablica y la orden al m\u00e9rito que reemplazar\u00eda los t\u00edtulos de nobleza que fueron suprimidos.\u00a0\u00a0<\/span><\/p><p style=\"text-align: justify;\"><span style=\"color: #000000;\"><span style=\"font-weight: 400;\">Impuls\u00f3 el desarrollo de una Escuadra para nuestro pa\u00eds, para asegurar la Independencia, impidiendo la llegada de refuerzos para las menguadas huestes del Virreinato que a\u00fan permanec\u00edan en Chile y luego consolidando definitivamente la independencia de Iberoam\u00e9rica. De esta manera, con muchos esfuerzos econ\u00f3micos crea la primera Escuadra Nacional, la Comandancia de Marina, la Comisar\u00eda de Marina, la Infanter\u00eda de Marina y los Arsenales Navales. El a\u00f1o 1818 da el mando de la\u00a0<\/span><a style=\"color: #000000;\" href=\"https:\/\/www.armada.cl\/armada\/tradicion-e-historia\/principales-acciones-navales\/la-guerra-de-la-independencia-1810-1826\/formacion-de-la-primera-escuadra-nacional-piedra-angular-de-la-armada-de-chile\/2015-03-19\/114126.html\"><span style=\"font-weight: 400;\">primera Escuadra Nacional<\/span><\/a><span style=\"font-weight: 400;\">\u00a0al Capit\u00e1n de Nav\u00edo Manuel Blanco Encalada, cargo que luego ser\u00e1 detentado por el Almirante Lord Thomas Alexander Cochrane, quien logra destruir el poder naval espa\u00f1ol en el Pac\u00edfico.<\/span><\/span><\/p><p style=\"text-align: justify;\"><span style=\"font-weight: 400; color: #000000;\">No obstante, su gobierno no estuvo exento de cr\u00edticas, ya que sus detractores lo asociaban con: el fusilamiento en Mendoza de los hermanos Juan Jos\u00e9, Luis y Jos\u00e9 Miguel Carrera; el asesinato de Manuel Rodr\u00edguez Ordaiza; la arbitraria pol\u00edtica del Ministro Rodr\u00edguez Aldea y de la Logia Lautarina, adem\u00e1s de los roces del Ejecutivo con los otros poderes del Estado. Esto deriv\u00f3 en el levantamiento de las provincias y en la posterior renuncia del Director Supremo el 28 de enero de 1823, quien entreg\u00f3 el poder a una Junta de Gobierno para luego partir al Per\u00fa, donde falleci\u00f3 el 24 de octubre de 1842, mientras preparaba su retorno a Chile, durante el gobierno del Presidente Manuel Bulnes Prieto.<\/span><\/p><p style=\"text-align: justify;\"><span style=\"font-weight: 400; color: #000000;\">El a\u00f1o 1869, el Vicealmirante Manuel Blanco Encalada, al\u00a0 mando\u00a0 de las corbetas de guerra &#8220;O&#8217;Higgins&#8221;, &#8220;Esmeralda&#8221; y &#8220;Chacabuco&#8221;, repatri\u00f3 los restos mortales del ilustre pr\u00f3cer desde el puerto del Callao, los cuales fueron sepultados en el\u00a0 Cementerio General hasta 1979, a\u00f1o en el cual son trasladados al Altar de la Patria. Esta \u00faltima, fue remodelada en 2004, construy\u00e9ndose una cripta subterr\u00e1nea en la plaza de la ciudadan\u00eda, donde descansa hasta el d\u00eda de hoy.<\/span><\/p>\t\t\t\t\t\t<\/div>\n\t\t\t\t<\/div>\n\t\t\t\t\t<\/div>\n\t\t<\/div>\n\t\t\t\t\t<\/div>\n\t\t<\/section>\n\t\t\t\t<\/div>\n\t\t","protected":false},"excerpt":{"rendered":"<p>General Bernardo O&#8217;Higgins Riquelme (1778- 1842) Naci\u00f3 en 1778, hijo del irland\u00e9s don Ambrosio O&#8217;Higgins y do\u00f1a Isabel Riquelme. Fue educado en el Colegio de Naturales en Chill\u00e1n, Colegio de San Carlos en Lima, y posteriormente fue enviado a Europa (Espa\u00f1a e\u00a0 Inglaterra), donde, adem\u00e1s de continuar con sus estudios, conoci\u00f3 a Francisco Miranda. Este [&hellip;]<\/p>\n","protected":false},"author":1,"featured_media":0,"parent":153,"menu_order":0,"comment_status":"closed","ping_status":"closed","template":"","meta":{"footnotes":""},"class_list":["post-788","page","type-page","status-publish","hentry"],"_links":{"self":[{"href":"https:\/\/ethosnaval.cl\/index.php?rest_route=\/wp\/v2\/pages\/788","targetHints":{"allow":["GET"]}}],"collection":[{"href":"https:\/\/ethosnaval.cl\/index.php?rest_route=\/wp\/v2\/pages"}],"about":[{"href":"https:\/\/ethosnaval.cl\/index.php?rest_route=\/wp\/v2\/types\/page"}],"author":[{"embeddable":true,"href":"https:\/\/ethosnaval.cl\/index.php?rest_route=\/wp\/v2\/users\/1"}],"replies":[{"embeddable":true,"href":"https:\/\/ethosnaval.cl\/index.php?rest_route=%2Fwp%2Fv2%2Fcomments&post=788"}],"version-history":[{"count":16,"href":"https:\/\/ethosnaval.cl\/index.php?rest_route=\/wp\/v2\/pages\/788\/revisions"}],"predecessor-version":[{"id":808,"href":"https:\/\/ethosnaval.cl\/index.php?rest_route=\/wp\/v2\/pages\/788\/revisions\/808"}],"up":[{"embeddable":true,"href":"https:\/\/ethosnaval.cl\/index.php?rest_route=\/wp\/v2\/pages\/153"}],"wp:attachment":[{"href":"https:\/\/ethosnaval.cl\/index.php?rest_route=%2Fwp%2Fv2%2Fmedia&parent=788"}],"curies":[{"name":"wp","href":"https:\/\/api.w.org\/{rel}","templated":true}]}}