{"id":809,"date":"2025-10-01T10:36:45","date_gmt":"2025-10-01T13:36:45","guid":{"rendered":"https:\/\/ethosnaval.cl\/?page_id=809"},"modified":"2025-10-01T10:42:44","modified_gmt":"2025-10-01T13:42:44","slug":"vicealmirante-manuel-blanco-encalada","status":"publish","type":"page","link":"https:\/\/ethosnaval.cl\/?page_id=809","title":{"rendered":"Vicealmirante Manuel Blanco Encalada"},"content":{"rendered":"\t\t<div data-elementor-type=\"wp-page\" data-elementor-id=\"809\" class=\"elementor elementor-809\" data-elementor-post-type=\"page\">\n\t\t\t\t\t\t<section class=\"elementor-section elementor-top-section elementor-element elementor-element-70d27ae elementor-section-boxed elementor-section-height-default elementor-section-height-default\" data-id=\"70d27ae\" data-element_type=\"section\">\n\t\t\t\t\t\t<div class=\"elementor-container elementor-column-gap-default\">\n\t\t\t\t\t<div class=\"elementor-column elementor-col-100 elementor-top-column elementor-element elementor-element-95b3966\" data-id=\"95b3966\" data-element_type=\"column\">\n\t\t\t<div class=\"elementor-widget-wrap elementor-element-populated\">\n\t\t\t\t\t\t<div class=\"elementor-element elementor-element-c98d5e5 elementor-widget elementor-widget-heading\" data-id=\"c98d5e5\" data-element_type=\"widget\" data-widget_type=\"heading.default\">\n\t\t\t\t<div class=\"elementor-widget-container\">\n\t\t\t<h2 class=\"elementor-heading-title elementor-size-default\">Vicealmirante Manuel Blanco Encalada (1790-1876)<\/h2>\t\t<\/div>\n\t\t\t\t<\/div>\n\t\t\t\t\t<\/div>\n\t\t<\/div>\n\t\t\t\t\t<\/div>\n\t\t<\/section>\n\t\t\t\t<section class=\"elementor-section elementor-top-section elementor-element elementor-element-f534111 elementor-section-boxed elementor-section-height-default elementor-section-height-default\" data-id=\"f534111\" data-element_type=\"section\">\n\t\t\t\t\t\t<div class=\"elementor-container elementor-column-gap-default\">\n\t\t\t\t\t<div class=\"elementor-column elementor-col-50 elementor-top-column elementor-element elementor-element-cd85751\" data-id=\"cd85751\" data-element_type=\"column\">\n\t\t\t<div class=\"elementor-widget-wrap elementor-element-populated\">\n\t\t\t\t\t\t<div class=\"elementor-element elementor-element-a485fb3 elementor-widget elementor-widget-image\" data-id=\"a485fb3\" data-element_type=\"widget\" data-widget_type=\"image.default\">\n\t\t\t\t<div class=\"elementor-widget-container\">\n\t\t\t\t\t\t\t\t\t\t\t\t\t<img fetchpriority=\"high\" decoding=\"async\" width=\"815\" height=\"1024\" src=\"https:\/\/ethosnaval.cl\/wp-content\/uploads\/2025\/10\/blanco-encalada-815x1024.jpg\" class=\"attachment-large size-large wp-image-812\" alt=\"\" srcset=\"https:\/\/ethosnaval.cl\/wp-content\/uploads\/2025\/10\/blanco-encalada-815x1024.jpg 815w, https:\/\/ethosnaval.cl\/wp-content\/uploads\/2025\/10\/blanco-encalada-239x300.jpg 239w, https:\/\/ethosnaval.cl\/wp-content\/uploads\/2025\/10\/blanco-encalada-768x965.jpg 768w, https:\/\/ethosnaval.cl\/wp-content\/uploads\/2025\/10\/blanco-encalada.jpg 1216w\" sizes=\"(max-width: 815px) 100vw, 815px\" \/>\t\t\t\t\t\t\t\t\t\t\t\t\t<\/div>\n\t\t\t\t<\/div>\n\t\t\t\t\t<\/div>\n\t\t<\/div>\n\t\t\t\t<div class=\"elementor-column elementor-col-50 elementor-top-column elementor-element elementor-element-820511d\" data-id=\"820511d\" data-element_type=\"column\">\n\t\t\t<div class=\"elementor-widget-wrap elementor-element-populated\">\n\t\t\t\t\t\t<div class=\"elementor-element elementor-element-2e72101 elementor-widget elementor-widget-text-editor\" data-id=\"2e72101\" data-element_type=\"widget\" data-widget_type=\"text-editor.default\">\n\t\t\t\t<div class=\"elementor-widget-container\">\n\t\t\t\t\t\t\t<p style=\"text-align: justify;\"><span style=\"font-weight: 400; color: #000000;\">Uno de los forjadores de la Armada de Chile, cooperador incansable del Director Supremo Bernardo O&#8217;Higgins Riquelme en la creaci\u00f3n de la Primera Escuadra Nacional y de la Escuela Naval. Jefe de la referida Primera Escuadra, primer Presidente de la Rep\u00fablica y personaje de gran significaci\u00f3n en la gesta emancipadora.<\/span><\/p>\n<p style=\"text-align: justify;\"><span style=\"font-weight: 400; color: #000000;\">Naci\u00f3 en Buenos Aires en 1790, hijo de padre espa\u00f1ol y madre chilena, debi\u00f3 escoger su propia patria, por lo cual no titube\u00f3 ni un instante en escoger a Chile como su tierra. En 1807 ya estaba incorporado a la Marina Espa\u00f1ola como Alf\u00e9rez; al a\u00f1o siguiente logr\u00f3 ser destinado al Apostadero Naval de El Callao. En 1813, se incorpor\u00f3 al ej\u00e9rcito patriota de nuestro pa\u00eds, siendo destinado por el General Jos\u00e9 Miguel Carrera Verdugo, al arma de artiller\u00eda y a la construcci\u00f3n y reparaci\u00f3n de ca\u00f1ones y armamentos, organizando la primera maestranza y taller de armas que tuvo el pa\u00eds.<\/span><\/p>\n<p style=\"text-align: justify;\"><span style=\"font-weight: 400; color: #000000;\">Despu\u00e9s de la Batalla de Maip\u00fa, con el grado de Capit\u00e1n de Marina de Primera Clase, se nombr\u00f3 a Blanco Encalada como Comandante General interino del Departamento de Marina, con sede en Valpara\u00edso. Adem\u00e1s, se encarg\u00f3 de la organizaci\u00f3n de una Academia de Guardiamarinas para formar oficiales y el reclutamiento de marineros extranjeros, en particular ingleses y norteamericanos.<\/span><\/p>\n<p style=\"text-align: justify;\"><span style=\"color: #000000;\"><span style=\"font-weight: 400;\">M\u00e1s tarde recibi\u00f3 lo que ser\u00eda su bautizo de fuego, la\u00a0<\/span><a style=\"color: #000000;\" href=\"https:\/\/www.armada.cl\/armada\/tradicion-e-historia\/principales-acciones-navales\/la-guerra-de-la-independencia-1810-1826\/captura-de-la-fragata-espanola-reina-maria-isabel-28-de-octubre-de-1818\/2014-05-13\/180605.html\"><span style=\"font-weight: 400;\">captura de la fragata &#8220;Reina Mar\u00eda Isabel&#8221;<\/span><\/a><span style=\"font-weight: 400;\">.<\/span><\/span><\/p>\n<p style=\"text-align: justify;\"><span style=\"font-weight: 400; color: #000000;\">Una vez que arrib\u00f3 a nuestro pa\u00eds el Almirante Cochrane, el vicealmirante Blanco solicit\u00f3 ser trasladado al ej\u00e9rcito, asumiendo como Jefe Interino del Estado Mayor y Comandante General de Armas de Santiago, al tiempo que el Senado le confiere el alto honor de darle la investidura de Mariscal de Campo. En 1826 participa en la expedici\u00f3n para la Liberaci\u00f3n de Chilo\u00e9, el \u00faltimo baluarte hispano en Chile. All\u00ed, nuevamente al frente de la Escuadra, condujo a la fuerzas del General Ram\u00f3n Freire Serrano. Ese mismo a\u00f1o el Congreso lo eligi\u00f3 &#8220;Presidente de la Rep\u00fablica&#8221;.<\/span><\/p>\n<p style=\"text-align: justify;\"><span style=\"font-weight: 400; color: #000000;\">A\u00f1os m\u00e1s tarde, con ocasi\u00f3n de la Guerra contra la Confederaci\u00f3n Per\u00fa-boliviana, se nombr\u00f3 a Blanco, Comandante en Jefe del Ej\u00e9rcito. Su participaci\u00f3n en la primera campa\u00f1a del citado conflicto le signific\u00f3 el retornar a Chile y ser sometido a un Consejo de Guerra. Si bien este le absolvi\u00f3, Blanco Encalada se retir\u00f3 a partir de entonces a su vida privada. No obstante su avanzada edad, este viejo soldado de la Independencia ofreci\u00f3 sus servicios como marino al gobierno, cuando sobrevino la Guerra contra Espa\u00f1a.<\/span><\/p>\t\t\t\t\t\t<\/div>\n\t\t\t\t<\/div>\n\t\t\t\t\t<\/div>\n\t\t<\/div>\n\t\t\t\t\t<\/div>\n\t\t<\/section>\n\t\t\t\t<\/div>\n\t\t","protected":false},"excerpt":{"rendered":"<p>Vicealmirante Manuel Blanco Encalada (1790-1876) Uno de los forjadores de la Armada de Chile, cooperador incansable del Director Supremo Bernardo O&#8217;Higgins Riquelme en la creaci\u00f3n de la Primera Escuadra Nacional y de la Escuela Naval. Jefe de la referida Primera Escuadra, primer Presidente de la Rep\u00fablica y personaje de gran significaci\u00f3n en la gesta emancipadora. [&hellip;]<\/p>\n","protected":false},"author":1,"featured_media":0,"parent":0,"menu_order":0,"comment_status":"closed","ping_status":"closed","template":"","meta":{"footnotes":""},"class_list":["post-809","page","type-page","status-publish","hentry"],"_links":{"self":[{"href":"https:\/\/ethosnaval.cl\/index.php?rest_route=\/wp\/v2\/pages\/809","targetHints":{"allow":["GET"]}}],"collection":[{"href":"https:\/\/ethosnaval.cl\/index.php?rest_route=\/wp\/v2\/pages"}],"about":[{"href":"https:\/\/ethosnaval.cl\/index.php?rest_route=\/wp\/v2\/types\/page"}],"author":[{"embeddable":true,"href":"https:\/\/ethosnaval.cl\/index.php?rest_route=\/wp\/v2\/users\/1"}],"replies":[{"embeddable":true,"href":"https:\/\/ethosnaval.cl\/index.php?rest_route=%2Fwp%2Fv2%2Fcomments&post=809"}],"version-history":[{"count":4,"href":"https:\/\/ethosnaval.cl\/index.php?rest_route=\/wp\/v2\/pages\/809\/revisions"}],"predecessor-version":[{"id":815,"href":"https:\/\/ethosnaval.cl\/index.php?rest_route=\/wp\/v2\/pages\/809\/revisions\/815"}],"wp:attachment":[{"href":"https:\/\/ethosnaval.cl\/index.php?rest_route=%2Fwp%2Fv2%2Fmedia&parent=809"}],"curies":[{"name":"wp","href":"https:\/\/api.w.org\/{rel}","templated":true}]}}