{"id":820,"date":"2025-10-01T10:50:47","date_gmt":"2025-10-01T13:50:47","guid":{"rendered":"https:\/\/ethosnaval.cl\/?page_id=820"},"modified":"2025-10-01T11:20:09","modified_gmt":"2025-10-01T14:20:09","slug":"vicealmirante-robert-w-simpson","status":"publish","type":"page","link":"https:\/\/ethosnaval.cl\/?page_id=820","title":{"rendered":"Vicealmirante Robert W. Simpson"},"content":{"rendered":"\t\t<div data-elementor-type=\"wp-page\" data-elementor-id=\"820\" class=\"elementor elementor-820\" data-elementor-post-type=\"page\">\n\t\t\t\t\t\t<section class=\"elementor-section elementor-top-section elementor-element elementor-element-81d0982 elementor-section-boxed elementor-section-height-default elementor-section-height-default\" data-id=\"81d0982\" data-element_type=\"section\">\n\t\t\t\t\t\t<div class=\"elementor-container elementor-column-gap-default\">\n\t\t\t\t\t<div class=\"elementor-column elementor-col-100 elementor-top-column elementor-element elementor-element-f14e266\" data-id=\"f14e266\" data-element_type=\"column\">\n\t\t\t<div class=\"elementor-widget-wrap elementor-element-populated\">\n\t\t\t\t\t\t<div class=\"elementor-element elementor-element-f0a0f50 elementor-widget elementor-widget-heading\" data-id=\"f0a0f50\" data-element_type=\"widget\" data-widget_type=\"heading.default\">\n\t\t\t\t<div class=\"elementor-widget-container\">\n\t\t\t<h2 class=\"elementor-heading-title elementor-size-default\">Vicealmirante Robert W. Simpson (1799-1877)<\/h2>\t\t<\/div>\n\t\t\t\t<\/div>\n\t\t\t\t\t<\/div>\n\t\t<\/div>\n\t\t\t\t\t<\/div>\n\t\t<\/section>\n\t\t\t\t<section class=\"elementor-section elementor-top-section elementor-element elementor-element-1cbd056 elementor-section-boxed elementor-section-height-default elementor-section-height-default\" data-id=\"1cbd056\" data-element_type=\"section\">\n\t\t\t\t\t\t<div class=\"elementor-container elementor-column-gap-default\">\n\t\t\t\t\t<div class=\"elementor-column elementor-col-50 elementor-top-column elementor-element elementor-element-bc2873f\" data-id=\"bc2873f\" data-element_type=\"column\">\n\t\t\t<div class=\"elementor-widget-wrap elementor-element-populated\">\n\t\t\t\t\t\t<div class=\"elementor-element elementor-element-0610e74 elementor-widget elementor-widget-image\" data-id=\"0610e74\" data-element_type=\"widget\" data-widget_type=\"image.default\">\n\t\t\t\t<div class=\"elementor-widget-container\">\n\t\t\t\t\t\t\t\t\t\t\t\t\t<img fetchpriority=\"high\" decoding=\"async\" width=\"766\" height=\"1024\" src=\"https:\/\/ethosnaval.cl\/wp-content\/uploads\/2025\/10\/robertosimpson-766x1024.jpg\" class=\"attachment-large size-large wp-image-822\" alt=\"\" srcset=\"https:\/\/ethosnaval.cl\/wp-content\/uploads\/2025\/10\/robertosimpson-766x1024.jpg 766w, https:\/\/ethosnaval.cl\/wp-content\/uploads\/2025\/10\/robertosimpson-225x300.jpg 225w, https:\/\/ethosnaval.cl\/wp-content\/uploads\/2025\/10\/robertosimpson-768x1026.jpg 768w, https:\/\/ethosnaval.cl\/wp-content\/uploads\/2025\/10\/robertosimpson-1150x1536.jpg 1150w, https:\/\/ethosnaval.cl\/wp-content\/uploads\/2025\/10\/robertosimpson-1533x2048.jpg 1533w, https:\/\/ethosnaval.cl\/wp-content\/uploads\/2025\/10\/robertosimpson.jpg 1904w\" sizes=\"(max-width: 766px) 100vw, 766px\" \/>\t\t\t\t\t\t\t\t\t\t\t\t\t<\/div>\n\t\t\t\t<\/div>\n\t\t\t\t\t<\/div>\n\t\t<\/div>\n\t\t\t\t<div class=\"elementor-column elementor-col-50 elementor-top-column elementor-element elementor-element-c74938f\" data-id=\"c74938f\" data-element_type=\"column\">\n\t\t\t<div class=\"elementor-widget-wrap elementor-element-populated\">\n\t\t\t\t\t\t<div class=\"elementor-element elementor-element-f3fce26 elementor-widget elementor-widget-text-editor\" data-id=\"f3fce26\" data-element_type=\"widget\" data-widget_type=\"text-editor.default\">\n\t\t\t\t<div class=\"elementor-widget-container\">\n\t\t\t\t\t\t\t<p style=\"text-align: justify;\"><span style=\"font-weight: 400; color: #000000;\">Naci\u00f3 en Inglaterra en 1799. Se cree que lleg\u00f3 a Chile con la comitiva de Lord Thomas Alexander Cochrane, a bordo de la corbeta &#8220;Rose&#8221;, en calidad de Guardiamarina. Entre 1821 y 1826 particip\u00f3 en la audaz captura de las naves enemigas &#8220;Resoluci\u00f3n&#8221;, &#8220;San Fernando&#8221; y &#8220;Milagro&#8221; en El Callao. Asumi\u00f3 comisiones en\u00a0 Acapulco y California, adem\u00e1s de bloqueos en el archipi\u00e9lago de Chilo\u00e9 y El Callao, participando activamente en derrotar a los realistas en la liberaci\u00f3n de Chilo\u00e9.<\/span><\/p>\n<p style=\"text-align: justify;\"><span style=\"color: #000000;\"><span style=\"font-weight: 400;\">Luego de una etapa de licencia, volvi\u00f3 a nuestro pa\u00eds, comandando entre 1830 y 1836 el bergant\u00edn &#8220;Aquiles&#8221;, realizando el primer levantamiento hidrogr\u00e1fico desarrollado en Chile, en la desembocadura del r\u00edo Bueno. Un a\u00f1o despu\u00e9s, a ra\u00edz de la\u00a0<\/span><a style=\"color: #000000;\" href=\"https:\/\/www.armada.cl\/armada\/site\/tax\/port\/all\/taxport_2_3_56_1.html\"><span style=\"font-weight: 400;\">Guerra contra la Confederaci\u00f3n Per\u00fa-boliviana<\/span><\/a><span style=\"font-weight: 400;\">, notifica la desaprobaci\u00f3n del Tratado de Paucarpata y\u00a0<\/span><a style=\"color: #000000;\" href=\"https:\/\/www.armada.cl\/armada\/tradicion-e-historia\/principales-acciones-navales\/la-guerra-contra-la-confederacion-peru-boliviana-1836-1839\/captura-de-la-corbeta-confederacion-18-de-enero-de-1838\/2014-05-14\/141016.html\"><span style=\"font-weight: 400;\">captura de la corbeta &#8220;Confederaci\u00f3n&#8221;<\/span><\/a><span style=\"font-weight: 400;\">.<\/span><\/span><\/p>\n<p style=\"text-align: justify;\"><span style=\"font-weight: 400; color: #000000;\">En enero de 1839 la divisi\u00f3n al mando de Simpson es enviada a Casma donde\u00a0 fue atacada por las corbetas de guerra corsarias peruano-bolivianas, lo cual fue rechazado en una encarnizada y violenta acci\u00f3n. Esta victoria chilena signific\u00f3 el fin de la campa\u00f1a naval de la Guerra contra la Confederaci\u00f3n y le signific\u00f3 a Simpson ascender a Capit\u00e1n de Nav\u00edo, el 8 de mayo de 1839.<\/span><\/p>\n<p style=\"text-align: justify;\"><span style=\"font-weight: 400; color: #000000;\">Entre 1840 y 1853\u00a0 ocup\u00f3 diversos cargos dentro y fuera de nuestra instituci\u00f3n, como, por ejemplo, Gobernador y Comandante General de Armas y Marina del Departamento de Valpara\u00edso, Mayor de \u00d3rdenes del Departamento de Valpara\u00edso, Comandante de la fragata &#8220;Chile&#8221;,\u00a0 Comandante General de Armas de Quillota y Senador suplente. Por todo esto, se hizo ciudadano chileno, y se le asign\u00f3 vigilar la construcci\u00f3n de la corbeta de guerra a vapor y a vela &#8220;Esmeralda&#8221; en Europa, de la cual fue el primer Comandante.<\/span><\/p>\n<p style=\"text-align: justify;\"><span style=\"font-weight: 400; color: #000000;\">El 13 de diciembre de 1853, ascendi\u00f3 al grado de Contraalmirante y, como tal, lleg\u00f3 con la &#8220;Esmeralda&#8221; a Valpara\u00edso el 7 de diciembre de 1856. Un a\u00f1o despu\u00e9s, fue nombrado Gobernador de Quillota y, en 1860, Comandante en Jefe de la Divisi\u00f3n Naval, destinada a evolucionar en el puerto de Quintero. En 1864 fue Comisionado por el Gobierno para inspeccionar la construcci\u00f3n de las corbetas &#8220;Chacabuco&#8221; y &#8220;O&#8217;Higgins&#8221; y la adquisici\u00f3n del vapor &#8220;Pampero&#8221; (despu\u00e9s renombrado &#8220;Abtao&#8221;).<\/span><\/p>\n<p style=\"text-align: justify;\"><span style=\"font-weight: 400; color: #000000;\">Luego de la guerra contra Espa\u00f1a, continu\u00f3 sirviendo en la Armada como Inspector General de Marina hasta el 12 de agosto de 1871, fecha que se le concedi\u00f3 c\u00e9dula de retiro absoluto, por tener 53 a\u00f1os de servicios. Se considera uno de los forjadores de la Armada, tanto en la guerra como en la paz; fue el primer hidr\u00f3grafo chileno y comand\u00f3 la Armada con una gran discreci\u00f3n, tino e inteligencia.<\/span><\/p>\t\t\t\t\t\t<\/div>\n\t\t\t\t<\/div>\n\t\t\t\t\t<\/div>\n\t\t<\/div>\n\t\t\t\t\t<\/div>\n\t\t<\/section>\n\t\t\t\t<\/div>\n\t\t","protected":false},"excerpt":{"rendered":"","protected":false},"author":1,"featured_media":0,"parent":153,"menu_order":0,"comment_status":"closed","ping_status":"closed","template":"","meta":{"footnotes":""},"class_list":["post-820","page","type-page","status-publish","hentry"],"_links":{"self":[{"href":"https:\/\/ethosnaval.cl\/index.php?rest_route=\/wp\/v2\/pages\/820","targetHints":{"allow":["GET"]}}],"collection":[{"href":"https:\/\/ethosnaval.cl\/index.php?rest_route=\/wp\/v2\/pages"}],"about":[{"href":"https:\/\/ethosnaval.cl\/index.php?rest_route=\/wp\/v2\/types\/page"}],"author":[{"embeddable":true,"href":"https:\/\/ethosnaval.cl\/index.php?rest_route=\/wp\/v2\/users\/1"}],"replies":[{"embeddable":true,"href":"https:\/\/ethosnaval.cl\/index.php?rest_route=%2Fwp%2Fv2%2Fcomments&post=820"}],"version-history":[{"count":5,"href":"https:\/\/ethosnaval.cl\/index.php?rest_route=\/wp\/v2\/pages\/820\/revisions"}],"predecessor-version":[{"id":829,"href":"https:\/\/ethosnaval.cl\/index.php?rest_route=\/wp\/v2\/pages\/820\/revisions\/829"}],"up":[{"embeddable":true,"href":"https:\/\/ethosnaval.cl\/index.php?rest_route=\/wp\/v2\/pages\/153"}],"wp:attachment":[{"href":"https:\/\/ethosnaval.cl\/index.php?rest_route=%2Fwp%2Fv2%2Fmedia&parent=820"}],"curies":[{"name":"wp","href":"https:\/\/api.w.org\/{rel}","templated":true}]}}